{"id":92,"date":"2016-04-05T14:53:37","date_gmt":"2016-04-05T12:53:37","guid":{"rendered":"http:\/\/roemerweg.at\/?page_id=92"},"modified":"2025-09-28T17:41:49","modified_gmt":"2025-09-28T15:41:49","slug":"pfarrzentrum-stadtpfarrkirche","status":"publish","type":"page","link":"https:\/\/www.roemerweg.at\/?page_id=92","title":{"rendered":"Grabstein der Ursa"},"content":{"rendered":"<p>(4. BIS FR\u00dcHES 5. JH. N. CHR.) EINZIGES FR\u00dcHCHRISTLICHES<br \/>INSCHRIFTLICHES ZEUGNIS AUS \u00d6STERREICH<\/p>\n<p id=\"u3366-8\">Replik des \u201eGrabsteins der Ursa\u201c, der die Liebe einer r\u00f6mische Christin zu einem Andersgl\u00e4ubigen belegt. Durch die \u00fcber dem lateinischen Text, auf einer Glastafel, angebrachte \u00dcbersetzung scheinen die Wort wieder ihre urspr\u00fcngliche Bedeutung f\u00fcr die Nachwelt zu haben!<\/p>\n<p>\u00a0<\/p>\n\n\n<!-- Quadratisches Bild (300x300, links) -->\n  <div class=\"roemer-image\" style=\"flex:0 0 300px; width:300px; height:300px; border-radius:12px; overflow:hidden; box-shadow:0 2px 6px rgba(0,0,0,0.15);\">\n    <img decoding=\"async\" src=\" https:\/\/www.roemerweg.at\/wp-content\/uploads\/2025\/09\/Ursa-Grabstein-scaled.jpg\" alt=\"Lange Nacht der Museen - R\u00f6merzeit in Wels\" style=\"width:100%; height:100%; object-fit:cover; display:block;\">\n\n","protected":false},"excerpt":{"rendered":"<p>(4. BIS FR\u00dcHES 5. JH. N. CHR.) EINZIGES FR\u00dcHCHRISTLICHESINSCHRIFTLICHES ZEUGNIS AUS \u00d6STERREICH Replik des \u201eGrabsteins der Ursa\u201c, der die Liebe einer r\u00f6mische Christin zu einem Andersgl\u00e4ubigen belegt. Durch die \u00fcber dem lateinischen Text, auf einer Glastafel, angebrachte \u00dcbersetzung scheinen die Wort wieder ihre urspr\u00fcngliche Bedeutung f\u00fcr die Nachwelt zu haben! \u00a0<\/p>\n","protected":false},"author":1,"featured_media":0,"parent":52,"menu_order":13,"comment_status":"closed","ping_status":"closed","template":"","meta":{"footnotes":""},"class_list":["post-92","page","type-page","status-publish","hentry"],"_links":{"self":[{"href":"https:\/\/www.roemerweg.at\/index.php?rest_route=\/wp\/v2\/pages\/92","targetHints":{"allow":["GET"]}}],"collection":[{"href":"https:\/\/www.roemerweg.at\/index.php?rest_route=\/wp\/v2\/pages"}],"about":[{"href":"https:\/\/www.roemerweg.at\/index.php?rest_route=\/wp\/v2\/types\/page"}],"author":[{"embeddable":true,"href":"https:\/\/www.roemerweg.at\/index.php?rest_route=\/wp\/v2\/users\/1"}],"replies":[{"embeddable":true,"href":"https:\/\/www.roemerweg.at\/index.php?rest_route=%2Fwp%2Fv2%2Fcomments&post=92"}],"version-history":[{"count":6,"href":"https:\/\/www.roemerweg.at\/index.php?rest_route=\/wp\/v2\/pages\/92\/revisions"}],"predecessor-version":[{"id":1892,"href":"https:\/\/www.roemerweg.at\/index.php?rest_route=\/wp\/v2\/pages\/92\/revisions\/1892"}],"up":[{"embeddable":true,"href":"https:\/\/www.roemerweg.at\/index.php?rest_route=\/wp\/v2\/pages\/52"}],"wp:attachment":[{"href":"https:\/\/www.roemerweg.at\/index.php?rest_route=%2Fwp%2Fv2%2Fmedia&parent=92"}],"curies":[{"name":"wp","href":"https:\/\/api.w.org\/{rel}","templated":true}]}}