{"id":67,"date":"2016-04-05T14:45:30","date_gmt":"2016-04-05T12:45:30","guid":{"rendered":"http:\/\/roemerweg.at\/?page_id=67"},"modified":"2025-09-28T17:38:57","modified_gmt":"2025-09-28T15:38:57","slug":"schmuckatelier-machwerk","status":"publish","type":"page","link":"https:\/\/www.roemerweg.at\/?page_id=67","title":{"rendered":"Schmuckatelier Machwerk"},"content":{"rendered":"<p>In Ovilava gab es zahlreiche Gie\u00dfereien und Schmieden, die in keltoromanischer Tradition Schmuck herstellten. Der Gesch\u00e4ftsinhaber (Alois Mach) erz\u00e4hlt Ihnen anhand von Fundst\u00fccken Interessantes \u00fcber die Herstellung. Voranmeldung: 07242\/207738<\/p>\n<p>\u00d6ffnungszeiten: Mi. \u2013 Fr. 10.00 \u2013 13.00 Uhr 14.00 \u2013 18.00 Uhr<br \/>Sa. 9.00 \u2013 12.00 Uhr<\/p>\n<p>\u00a0<\/p>\n\n\n<!-- Quadratisches Bild (300x300, links) -->\n  <div class=\"roemer-image\" style=\"flex:0 0 300px; width:300px; height:300px; border-radius:12px; overflow:hidden; box-shadow:0 2px 6px rgba(0,0,0,0.15);\">\n    <img decoding=\"async\" src=\" https:\/\/www.roemerweg.at\/wp-content\/uploads\/2025\/09\/Mach-scaled.jpg\" alt=\"Lange Nacht der Museen - R\u00f6merzeit in Wels\" style=\"width:100%; height:100%; object-fit:cover; display:block;\">\n\n","protected":false},"excerpt":{"rendered":"<p>In Ovilava gab es zahlreiche Gie\u00dfereien und Schmieden, die in keltoromanischer Tradition Schmuck herstellten. Der Gesch\u00e4ftsinhaber (Alois Mach) erz\u00e4hlt Ihnen anhand von Fundst\u00fccken Interessantes \u00fcber die Herstellung. Voranmeldung: 07242\/207738 \u00d6ffnungszeiten: Mi. \u2013 Fr. 10.00 \u2013 13.00 Uhr 14.00 \u2013 18.00 UhrSa. 9.00 \u2013 12.00 Uhr \u00a0<\/p>\n","protected":false},"author":1,"featured_media":0,"parent":52,"menu_order":4,"comment_status":"closed","ping_status":"closed","template":"","meta":{"footnotes":""},"class_list":["post-67","page","type-page","status-publish","hentry"],"_links":{"self":[{"href":"https:\/\/www.roemerweg.at\/index.php?rest_route=\/wp\/v2\/pages\/67","targetHints":{"allow":["GET"]}}],"collection":[{"href":"https:\/\/www.roemerweg.at\/index.php?rest_route=\/wp\/v2\/pages"}],"about":[{"href":"https:\/\/www.roemerweg.at\/index.php?rest_route=\/wp\/v2\/types\/page"}],"author":[{"embeddable":true,"href":"https:\/\/www.roemerweg.at\/index.php?rest_route=\/wp\/v2\/users\/1"}],"replies":[{"embeddable":true,"href":"https:\/\/www.roemerweg.at\/index.php?rest_route=%2Fwp%2Fv2%2Fcomments&post=67"}],"version-history":[{"count":10,"href":"https:\/\/www.roemerweg.at\/index.php?rest_route=\/wp\/v2\/pages\/67\/revisions"}],"predecessor-version":[{"id":1889,"href":"https:\/\/www.roemerweg.at\/index.php?rest_route=\/wp\/v2\/pages\/67\/revisions\/1889"}],"up":[{"embeddable":true,"href":"https:\/\/www.roemerweg.at\/index.php?rest_route=\/wp\/v2\/pages\/52"}],"wp:attachment":[{"href":"https:\/\/www.roemerweg.at\/index.php?rest_route=%2Fwp%2Fv2%2Fmedia&parent=67"}],"curies":[{"name":"wp","href":"https:\/\/api.w.org\/{rel}","templated":true}]}}