{"id":1280,"date":"2022-10-29T15:27:55","date_gmt":"2022-10-29T13:27:55","guid":{"rendered":"https:\/\/www.roemerweg.at\/?page_id=1280"},"modified":"2025-10-03T21:19:55","modified_gmt":"2025-10-03T19:19:55","slug":"fuehrungen","status":"publish","type":"page","link":"https:\/\/www.roemerweg.at\/?page_id=1280","title":{"rendered":"R\u00f6mer Angebote in Wels"},"content":{"rendered":"\n<!-- Kachel + quadratisches Bild nebeneinander (je 300x300) -->\n<div class=\"roemer-teaser-row\" style=\"display:flex; flex-wrap:wrap; gap:20px; align-items:center; justify-content:center;\">\n\n  <!-- Quadratisches Bild (300x300) -->\n  <div class=\"roemer-image\" style=\"flex:0 0 300px; width:300px; height:300px; border-radius:12px; overflow:hidden; box-shadow:0 2px 6px rgba(0,0,0,0.15);\">\n    <!-- ersetze bild-villa-square.jpg mit der URL aus deiner WordPress-Mediathek -->\n    <img decoding=\"async\" src=\"https:\/\/www.roemerweg.at\/wp-content\/uploads\/2022\/10\/5e5f28ec6fabc_image.jpg\" alt=\"R\u00f6mer\" style=\"width:100%; height:100%; object-fit:cover; display:block;\">\n  <\/div>\n\n  <!-- Veranstaltungskachel (300x300) -->\n  <div class=\"roemer-card\" style=\"flex:0 0 300px; width:300px; height:300px; background:#661b1a; border-radius:12px; overflow:hidden; display:flex; flex-direction:column; justify-content:space-between; box-shadow:0 2px 6px rgba(0,0,0,0.3); color:#f4e2b5; font-family:Arial, Helvetica, sans-serif;\">\n    \n    <div style=\"padding:16px; text-align:left;\">\n      <h3 style=\"margin:0 0 8px; font-size:18px; line-height:1.1;\">Eine Arch\u00e4ologin erz\u00e4hlt<\/h3>\n      <p style=\"margin:0 0 6px; font-size:14px;\"> Eine Arch\u00e4ologin f\u00fchrt exklusiv durch Ovilava<\/p>\n      <p style=\"margin:0 0 6px; font-size:13px;\">Erkunden Sie das antike Erbe von Wels.<\/p>\n      <p style=\"margin:0 0 6px; font-size:13px;\"> Geschichtsinteressierte haben w\u00e4hrend dieses Rundgangs die einzigartige Gelegenheit, tief in die Vergangenheit von Wels einzutauchen.<\/p>\n\n\n    <div style=\"padding:12px; text-align:center;\">\n      <a href=\" https:\/\/www.wels.at\/welsmarketing\/tourismusregion\/hotels\/suchen-buchen\/erlebnisse\/AT2\/e9d8c3c6-e0ed-42e0-9769-26170082b2ed\/roemerfuehrung--archaeologen-erzaehlen \" target=\"_blank\" rel=\"noopener noreferrer\"\n         style=\"display:inline-block; padding:8px 14px; background:#f4e2b5; color:#661b1a; text-decoration:none; border-radius:6px; font-weight:700;\">\n         zur Buchung\n      <\/a>\n    <\/div>\n  <\/div>\n\n<\/div>\n\n<!-- Kleine responsive Regel: auf schmalen Bildschirmen untereinander -->\n<style>\n@media (max-width:640px){\n  .roemer-teaser-row { flex-direction:column; }\n  .roemer-image, .roemer-card { margin-left:auto; margin-right:auto; }\n}\n<\/style>\n\n\n\n<!-- Kachel + quadratisches Bild nebeneinander (je 300x300) -->\n<div class=\"roemer-teaser-row\" style=\"display:flex; flex-wrap:wrap; gap:20px; align-items:center; justify-content:center;\">\n\n  <!-- Quadratisches Bild (300x300) -->\n  <div class=\"roemer-image\" style=\"flex:0 0 300px; width:300px; height:300px; border-radius:12px; overflow:hidden; box-shadow:0 2px 6px rgba(0,0,0,0.15);\">\n    <!-- ersetze bild-villa-square.jpg mit der URL aus deiner WordPress-Mediathek -->\n    <img decoding=\"async\" src=\"https:\/\/www.roemerweg.at\/wp-content\/uploads\/2022\/10\/csm_Foto__Wels_Marketing___Touristik__Roemerwegfuehrung_durch_Wels_3ea631075c.jpg\" alt=\"R\u00f6mer\" style=\"width:100%; height:100%; object-fit:cover; display:block;\">\n  <\/div>\n\n  <!-- Veranstaltungskachel (300x300) -->\n  <div class=\"roemer-card\" style=\"flex:0 0 300px; width:300px; height:300px; background:#661b1a; border-radius:12px; overflow:hidden; display:flex; flex-direction:column; justify-content:space-between; box-shadow:0 2px 6px rgba(0,0,0,0.3); color:#f4e2b5; font-family:Arial, Helvetica, sans-serif;\">\n    \n    <div style=\"padding:16px; text-align:left;\">\n      <h3 style=\"margin:0 0 8px; font-size:18px; line-height:1.1;\">Ein Besuch in OVILAVA<\/h3>\n      <p style=\"margin:0 0 6px; font-size:14px;\"> Spazieren Sie mit einer R\u00f6merin durch Ovilava<\/p>\n      <p style=\"margin:0 0 6px; font-size:13px;\"> Diese spezielle R\u00f6merf\u00fchrung mit einer \u201eechten\u201c R\u00f6merin bietet die einmalige Gelegenheit, die pr\u00e4gende r\u00f6mische Geschichte der Stadt Wels auf eine unterhaltsame und spannende Art zu erleben. <\/p>\n    <div style=\"padding:12px; text-align:center;\">\n      <a href=\" https:\/\/www.wels.at\/welsmarketing\/tourismusregion\/hotels\/suchen-buchen\/erlebnisse\/AT2\/e9d8c3c6-e0ed-42e0-9769-26170082b2ed\/roemerfuehrung--archaeologen-erzaehlen \" target=\"_blank\" rel=\"noopener noreferrer\"\n         style=\"display:inline-block; padding:8px 14px; background:#f4e2b5; color:#661b1a; text-decoration:none; border-radius:6px; font-weight:700;\">\n         zur Buchung\n      <\/a>\n    <\/div>\n  <\/div>\n\n<\/div>\n\n<!-- Kleine responsive Regel: auf schmalen Bildschirmen untereinander -->\n<style>\n@media (max-width:640px){\n  .roemer-teaser-row { flex-direction:column; }\n  .roemer-image, .roemer-card { margin-left:auto; margin-right:auto; }\n}\n<\/style>\n\n\n\n<!-- Kachel + quadratisches Bild nebeneinander (je 300x300) -->\n<div class=\"roemer-teaser-row\" style=\"display:flex; flex-wrap:wrap; gap:20px; align-items:center; justify-content:center;\">\n\n  <!-- Quadratisches Bild (300x300) -->\n  <div class=\"roemer-image\" style=\"flex:0 0 300px; width:300px; height:300px; border-radius:12px; overflow:hidden; box-shadow:0 2px 6px rgba(0,0,0,0.15);\">\n    <!-- ersetze bild-villa-square.jpg mit der URL aus deiner WordPress-Mediathek -->\n    <img decoding=\"async\" src=\"https:\/\/www.roemerweg.at\/wp-content\/uploads\/2022\/10\/78749879_10213229386888061_4012593717641740288_n.jpg\" alt=\"R\u00f6mer\" style=\"width:100%; height:100%; object-fit:cover; display:block;\">\n  <\/div>\n\n  <!-- Veranstaltungskachel (300x300) -->\n  <div class=\"roemer-card\" style=\"flex:0 0 300px; width:300px; height:300px; background:#661b1a; border-radius:12px; overflow:hidden; display:flex; flex-direction:column; justify-content:space-between; box-shadow:0 2px 6px rgba(0,0,0,0.3); color:#f4e2b5; font-family:Arial, Helvetica, sans-serif;\">\n    \n    <div style=\"padding:16px; text-align:left;\">\n      <h3 style=\"margin:0 0 8px; font-size:18px; line-height:1.1;\">Ein Legion\u00e4r erz\u00e4hlt<\/h3>\n      <p style=\"margin:0 0 6px; font-size:14px;\"> ein Legion\u00e4r in voller R\u00fcstung berichtet nicht nur von seinem milit\u00e4rischen Aufgabenbereich\u2026<\/p>\n      <p style=\"margin:0 0 6px; font-size:13px;\"> Besuchen Sie mit Lucius Valerius Genialis das Machtzentrum von Ovilava und erleben Sie mit ihm das r\u00f6mische Wels hautnah<\/p>\n\n    <div style=\"padding:12px; text-align:center;\">\n      <a href=\" https:\/\/www.wels.at\/welsmarketing\/tourismusregion\/hotels\/suchen-buchen\/erlebnisse\/AT2\/483b1840-69ff-4332-ad9c-d1b15781b7f6\/roemerfuehrung--ein-legionaer-erzaehlt \" target=\"_blank\" rel=\"noopener noreferrer\"\n         style=\"display:inline-block; padding:8px 14px; background:#f4e2b5; color:#661b1a; text-decoration:none; border-radius:6px; font-weight:700;\">\n         zur Buchung\n      <\/a>\n    <\/div>\n  <\/div>\n\n<\/div>\n\n<!-- Kleine responsive Regel: auf schmalen Bildschirmen untereinander -->\n<style>\n@media (max-width:640px){\n  .roemer-teaser-row { flex-direction:column; }\n  .roemer-image, .roemer-card { margin-left:auto; margin-right:auto; }\n}\n<\/style>\n\n\n\n<!-- Kachel + Slider + Text nebeneinander -->\n<div class=\"roemer-teaser-row\" style=\"display:flex; flex-wrap:wrap; gap:20px; align-items:flex-start; justify-content:center;\">\n\n  <!-- Slider-Kachel (300x300) -->\n  <div class=\"slider-card\" style=\"flex:0 0 300px; width:300px; height:300px; border-radius:12px; overflow:hidden; position:relative; box-shadow:0 2px 6px rgba(0,0,0,0.3);\">\n    <img decoding=\"async\" src=\"https:\/\/www.roemerweg.at\/wp-content\/uploads\/2025\/10\/Togati_5.jpg\" alt=\"Bild 1\" class=\"slide-img\">\n    <img decoding=\"async\" src=\"https:\/\/www.roemerweg.at\/wp-content\/uploads\/2025\/10\/Tisch-1-scaled.jpg\" alt=\"Bild 2\" class=\"slide-img\">\n    <img decoding=\"async\" src=\"https:\/\/www.roemerweg.at\/wp-content\/uploads\/2025\/10\/Triklinium_R.Oehner.jpg\" alt=\"Bild 3\" class=\"slide-img\">\n  <\/div>\n\n  <!-- Text-Kachel (300x300, quadratisch) -->\n  <div class=\"roemer-card\" style=\"flex:0 0 300px; width:300px; height:300px; background:#661b1a; border-radius:12px; overflow:hidden; display:flex; flex-direction:column; justify-content:space-between; box-shadow:0 2px 6px rgba(0,0,0,0.3); color:#f4e2b5; font-family:Arial, Helvetica, sans-serif; padding:16px; text-align:left;\">\n    <div>\n      <h3 style=\"margin:0 0 8px; font-size:16px; line-height:1.2;\">Stadtmuseum Wels \u2013 Minoriten<\/h3>\n      <h4 style=\"margin:0 0 6px; font-size:14px; font-weight:normal;\">Arch\u00e4ologische Sammlung<\/h4>\n      <p style=\"margin:0 0 6px; font-size:13px;\">\n        Entdecken Sie auf vielf\u00e4ltige Weise die r\u00f6mische Vergangenheit von Wels. Buchen Sie eine F\u00fchrung oder einen Kindergeburtstag im besonderen Ambiente.\n      <\/p>\n    <\/div>\n\n    <!-- Button zum Museum -->\n    <div style=\"padding:12px; text-align:center;\">\n      <a href=\"https:\/\/www.wels.gv.at\/lebensbereiche\/bildung-und-kultur\/welser-stadtmuseen\/\" target=\"_blank\" rel=\"noopener noreferrer\"\n         style=\"display:inline-block; padding:8px 14px; background:#f4e2b5; color:#661b1a; text-decoration:none; border-radius:6px; font-weight:700;\">\n         zum Museum\n      <\/a>\n    <\/div>\n  <\/div>\n\n<\/div>\n\n<!-- CSS f\u00fcr Slider + Responsive -->\n<style>\n\/* Slider *\/\n.slider-card {\n  position: relative;\n}\n\n.slide-img {\n  position: absolute;\n  top: 0;\n  left: 0;\n  width: 100%;\n  height: 100%;\n  object-fit: cover;\n  opacity: 0;\n  animation: slideAnimation 9s infinite;\n}\n\n.slide-img:nth-child(1) { animation-delay: 0s; }\n.slide-img:nth-child(2) { animation-delay: 3s; }\n.slide-img:nth-child(3) { animation-delay: 6s; }\n\n@keyframes slideAnimation {\n  0% { opacity: 0; }\n  10% { opacity: 1; }\n  30% { opacity: 1; }\n  40% { opacity: 0; }\n  100% { opacity: 0; }\n}\n\n\/* Responsive: untereinander auf kleinen Bildschirmen *\/\n@media (max-width:640px){\n  .roemer-teaser-row { flex-direction:column; }\n  .slider-card, .roemer-card { margin-left:auto; margin-right:auto; width:90%; height:auto; aspect-ratio:auto; }\n}\n<\/style>\n\n\n\n<!-- Kachel + quadratisches Bild nebeneinander (je 300x300) -->\n<div class=\"roemer-teaser-row\" style=\"display:flex; flex-wrap:wrap; gap:20px; align-items:flex-start; justify-content:center;\">\n\n  <!-- Bildkachel links -->\n  <div class=\"roemer-image\" style=\"flex:0 0 300px; width:300px; aspect-ratio:1\/1; border-radius:12px; overflow:hidden; box-shadow:0 2px 6px rgba(0,0,0,0.15);\">\n    <img decoding=\"async\" src=\"https:\/\/www.roemerweg.at\/wp-content\/uploads\/2025\/10\/RoemischesEssen-1-scaled.jpg\" alt=\"R\u00f6mer\" style=\"width:100%; height:100%; object-fit:cover; display:block;\">\n  <\/div>\n\n  <!-- Veranstaltungskachel rechts -->\n  <div class=\"roemer-card\" style=\"flex:0 0 300px; width:300px; aspect-ratio:1\/1; background:#661b1a; border-radius:12px; overflow:hidden; display:flex; flex-direction:column; justify-content:flex-start; box-shadow:0 2px 6px rgba(0,0,0,0.3); color:#f4e2b5; font-family:Arial, Helvetica, sans-serif;\">\n      \n    <div style=\"padding:16px; text-align:left; overflow:auto; flex-grow:1;\">\n      <h3 style=\"margin:0 0 8px; font-size:16px; line-height:1.2;\">Schmausen wie im alten Rom!<\/h3>\n      <p style=\"margin:8px 0 0; font-size:13px;\">\n        Genie\u00dfen Sie ein bis zu vierg\u00e4ngiges Men\u00fc, das nach Originalrezepten aus dem 1. Jahrhundert n. Chr. f\u00fcr Sie und Ihre G\u00e4ste zubereitet wird. N\u00e4here Informationen erhalten Sie bei \n        <a href=\"https:\/\/www.roemerweg.at\/?page_id=59\" target=\"_blank\" rel=\"noopener noreferrer\" style=\"color:#f4e2b5; text-decoration:none; font-weight:bold;\">Moden Neugebauer<\/a>.\n      <\/p>\n    <\/div>\n\n    <div style=\"padding:16px; text-align:center;\">\n      <a href=\"https:\/\/www.roemerweg.at\/?page_id=59\" target=\"_blank\" rel=\"noopener noreferrer\"\n         style=\"display:inline-block; padding:8px 14px; background:#f4e2b5; color:#661b1a; text-decoration:none; border-radius:6px; font-weight:700;\">\n         Neugebauer\n      <\/a>\n    <\/div>\n\n  <\/div>\n\n<\/div>\n\n<!-- Kleine responsive Regel: auf schmalen Bildschirmen untereinander -->\n<style>\n@media (max-width:640px){\n  .roemer-teaser-row { flex-direction:column; }\n  .roemer-image, .roemer-card { margin-left:auto; margin-right:auto; width:90%; aspect-ratio:auto; }\n}\n<\/style>\n\n\n\n<!-- Kachel + quadratisches Bild nebeneinander (je 300x300) -->\n<div class=\"roemer-teaser-row\" style=\"display:flex; flex-wrap:wrap; gap:20px; align-items:center; justify-content:center;\">\n\n  <!-- Quadratisches Bild (300x300) -->\n  <div class=\"roemer-image\" style=\"flex:0 0 300px; width:300px; height:300px; border-radius:12px; overflow:hidden; box-shadow:0 2px 6px rgba(0,0,0,0.15);\">\n    <!-- ersetze bild-villa-square.jpg mit der URL aus deiner WordPress-Mediathek -->\n    <img decoding=\"async\" src=\"http:\/\/imgcdn.geocaching.com\/cache\/eeac622f-9141-44a2-aee8-b906ac73fef1.jpg?rnd=0.1251016\" alt=\"R\u00f6mer\" style=\"width:100%; height:100%; object-fit:cover; display:block;\">\n  <\/div>\n\n  <!-- Veranstaltungskachel (300x300) -->\n  <div class=\"roemer-card\" style=\"flex:0 0 300px; width:300px; height:300px; background:#661b1a; border-radius:12px; overflow:hidden; display:flex; flex-direction:column; justify-content:space-between; box-shadow:0 2px 6px rgba(0,0,0,0.3); color:#f4e2b5; font-family:Arial, Helvetica, sans-serif;\">\n    \n    <div style=\"padding:16px; text-align:left;\">\n      <h3 style=\"margin:0 0 8px; font-size:18px; line-height:1.1;\">Die Odyssee<\/h3>\n      <p style=\"margin:0 0 6px; font-size:14px;\"> Begleite Asterix auf seiner Odyssee durch OVILAVA<\/p>\n      <p style=\"margin:0 0 6px; font-size:13px;\"> F\u00fcr diesen Geocache musst du bei geocaching.com registriert sein. Und das Leben ist nicht leicht f\u00fcr die r\u00f6mischen Legion\u00e4re, die als Besatzung in den befestigten Lagern Stadl-Paurum, Agrarium, Untenrum und Lentium liegen&#8230;   gratis!<\/p>\n    <div style=\"padding:12px; text-align:center;\">\n      <a href=\" https:\/\/www.geocaching.com\/geocache\/GC3J8N2\" target=\"_blank\" rel=\"noopener noreferrer\"\n         style=\"display:inline-block; padding:8px 14px; background:#f4e2b5; color:#661b1a; text-decoration:none; border-radius:6px; font-weight:700;\">\n         zum Geocache\n      <\/a>\n    <\/div>\n  <\/div>\n\n<\/div>\n\n<!-- Kleine responsive Regel: auf schmalen Bildschirmen untereinander -->\n<style>\n@media (max-width:640px){\n  .roemer-teaser-row { flex-direction:column; }\n  .roemer-image, .roemer-card { margin-left:auto; margin-right:auto; }\n}\n<\/style>\n\n\n\n\n\n\n\n<!-- Veranstaltungskachel gro\u00df (ohne Bild) -->\n<div class=\"roemer-card-large\" style=\"width:300px; min-height:600px; background:#661b1a; border-radius:12px; padding:24px; box-shadow:0 4px 10px rgba(0,0,0,0.3); color:#f4e2b5; font-family:Arial, Helvetica, sans-serif; display:flex; flex-direction:column; justify-content:space-between; margin:0 auto;\">\n\n  <div>\n    <h2 style=\"margin:0 0 12px; font-size:22px; line-height:1.2;\">Vielv\u00f6lkerstadt Ovilava<\/h2>\n\n    <h3 style=\"margin:12px 0 6px; font-size:18px;\">Partner<\/h3>\n    <ul style=\"margin:0; padding-left:18px; font-size:14px;\">\n      <li>\n        <a href=\"https:\/\/www.roemerweg.at\/?page_id=59\" target=\"_blank\" class=\"partner-link\">\n          Moden Neugebauer\/Albert Neugebauer\n        <\/a>: \u201eDie Erforschung des r\u00f6mischen Wels\u201c \u2013 Geb\u00e4ck und Wein nach r\u00f6mischen Rezepten (Tel.: 0664-2834775)\n      <\/li>\n      <li>\n        <a href=\"https:\/\/www.roemerweg.at\/?page_id=67\" target=\"_blank\" class=\"partner-link\">\n          Schmuckatelier Machwerk\/Alois Mach\n        <\/a>: \u201eR\u00f6mischer Schmuck\u201c (Tel.: 07242-207738)\n      <\/li>\n      <li>\n        <a href=\"https:\/\/www.roemerweg.at\/?page_id=62\" target=\"_blank\" class=\"partner-link\">\n          Hermanns Art of Shoes\/Hermann Stuchlik\n        <\/a>: \u201eR\u00f6mische Schuhe\u201c und \u201eWandmalereien vom Marktgel\u00e4nde\u201c (Tel.: 07242-68610)\n      <\/li>\n    <\/ul>\n  <\/div>\n\n  <div style=\"padding-top:16px; text-align:center;\">\n    <a href=\"https:\/\/www.wels.at\/welsmarketing\/tourismusregion\/hotels\/suchen-buchen\/erlebnisse\/AT2\/e9d8c3c6-e0ed-42e0-9769-26170082b2ed\/roemerfuehrung--archaeologen-erzaehlen\" \n       target=\"_blank\" \n       style=\"background:#f4e2b5; color:#661b1a; padding:8px 16px; border-radius:8px; text-decoration:none; font-weight:bold; display:inline-block;\">\n       Zu den R\u00f6merf\u00fchrungen\n    <\/a>\n  <\/div>\n\n<\/div>\n\n<!-- Responsive + Link-Styling -->\n<style>\n@media (max-width:640px){\n  .roemer-card-large { width:90%; min-height:auto; padding:16px; }\n}\n\n.partner-link {\n  color: #f4e2b5;\n  text-decoration: none;           \/* Unterstreichung entfernt *\/\n  transition: color 0.3s ease, font-weight 0.3s ease;\n}\n\n.partner-link:hover {\n  color: #ffffff;\n  font-weight: bold;\n}\n<\/style>\n\n\n","protected":false},"excerpt":{"rendered":"<p>Eine Arch\u00e4ologin erz\u00e4hlt Eine Arch\u00e4ologin f\u00fchrt exklusiv durch Ovilava Erkunden Sie das antike Erbe von Wels. Geschichtsinteressierte haben w\u00e4hrend dieses Rundgangs die einzigartige Gelegenheit, tief in die Vergangenheit von Wels einzutauchen. zur Buchung Ein Besuch in OVILAVA Spazieren Sie mit einer R\u00f6merin durch Ovilava Diese spezielle R\u00f6merf\u00fchrung mit einer \u201eechten\u201c R\u00f6merin bietet die einmalige Gelegenheit, &hellip; <a href=\"https:\/\/www.roemerweg.at\/?page_id=1280\" class=\"more-link\"><span class=\"screen-reader-text\">R\u00f6mer Angebote in Wels<\/span> weiterlesen<\/a><\/p>\n","protected":false},"author":1,"featured_media":0,"parent":0,"menu_order":8,"comment_status":"closed","ping_status":"closed","template":"","meta":{"footnotes":""},"class_list":["post-1280","page","type-page","status-publish","hentry"],"_links":{"self":[{"href":"https:\/\/www.roemerweg.at\/index.php?rest_route=\/wp\/v2\/pages\/1280","targetHints":{"allow":["GET"]}}],"collection":[{"href":"https:\/\/www.roemerweg.at\/index.php?rest_route=\/wp\/v2\/pages"}],"about":[{"href":"https:\/\/www.roemerweg.at\/index.php?rest_route=\/wp\/v2\/types\/page"}],"author":[{"embeddable":true,"href":"https:\/\/www.roemerweg.at\/index.php?rest_route=\/wp\/v2\/users\/1"}],"replies":[{"embeddable":true,"href":"https:\/\/www.roemerweg.at\/index.php?rest_route=%2Fwp%2Fv2%2Fcomments&post=1280"}],"version-history":[{"count":55,"href":"https:\/\/www.roemerweg.at\/index.php?rest_route=\/wp\/v2\/pages\/1280\/revisions"}],"predecessor-version":[{"id":1958,"href":"https:\/\/www.roemerweg.at\/index.php?rest_route=\/wp\/v2\/pages\/1280\/revisions\/1958"}],"wp:attachment":[{"href":"https:\/\/www.roemerweg.at\/index.php?rest_route=%2Fwp%2Fv2%2Fmedia&parent=1280"}],"curies":[{"name":"wp","href":"https:\/\/api.w.org\/{rel}","templated":true}]}}