{"id":1225,"date":"2022-10-15T14:32:24","date_gmt":"2022-10-15T12:32:24","guid":{"rendered":"https:\/\/www.roemerweg.at\/?page_id=1225"},"modified":"2025-09-25T06:06:37","modified_gmt":"2025-09-25T04:06:37","slug":"venus","status":"publish","type":"page","link":"https:\/\/www.roemerweg.at\/?page_id=1225","title":{"rendered":"Venus"},"content":{"rendered":"\n<p>Replik des k\u00fcnstlerisch wertvollsten Fundst\u00fcckes des R\u00f6mermuseums von Wels.<\/p>\n<p>Kleine Repliken wurden w\u00e4hrend der NS Zeit als &#8222;Ehrengabe&#8220; an 7 Personen &#8211; gro\u00dfteils NS Funktion\u00e4re vergeben und eine \u00fcberlebensgro\u00dfe Venus wurde in Anlehnung an das Original als NS Kunst geschaffen.<\/p>\n<p>Nach 1945 &#8211; ohne die Vorgeschichte zu hinterfragen &#8211;\u00a0 wurde die &#8222;Venus&#8220; als Kulturmedaille bis zur Jahrtausendwende an sehr viele verdienstvolle Menschen verliehen und die \u00fcberlebensgro\u00dfe Statue stand ebenfalls bis zur Zeitenwende im Welser Messegel\u00e4nde.\u00a0<\/p>\n\n\n","protected":false},"excerpt":{"rendered":"<p>Replik des k\u00fcnstlerisch wertvollsten Fundst\u00fcckes des R\u00f6mermuseums von Wels. Kleine Repliken wurden w\u00e4hrend der NS Zeit als &#8222;Ehrengabe&#8220; an 7 Personen &#8211; gro\u00dfteils NS Funktion\u00e4re vergeben und eine \u00fcberlebensgro\u00dfe Venus wurde in Anlehnung an das Original als NS Kunst geschaffen. Nach 1945 &#8211; ohne die Vorgeschichte zu hinterfragen &#8211;\u00a0 wurde die &#8222;Venus&#8220; als Kulturmedaille bis &hellip; <a href=\"https:\/\/www.roemerweg.at\/?page_id=1225\" class=\"more-link\"><span class=\"screen-reader-text\">Venus<\/span> weiterlesen<\/a><\/p>\n","protected":false},"author":1,"featured_media":0,"parent":52,"menu_order":21,"comment_status":"closed","ping_status":"closed","template":"","meta":{"footnotes":""},"class_list":["post-1225","page","type-page","status-publish","hentry"],"_links":{"self":[{"href":"https:\/\/www.roemerweg.at\/index.php?rest_route=\/wp\/v2\/pages\/1225","targetHints":{"allow":["GET"]}}],"collection":[{"href":"https:\/\/www.roemerweg.at\/index.php?rest_route=\/wp\/v2\/pages"}],"about":[{"href":"https:\/\/www.roemerweg.at\/index.php?rest_route=\/wp\/v2\/types\/page"}],"author":[{"embeddable":true,"href":"https:\/\/www.roemerweg.at\/index.php?rest_route=\/wp\/v2\/users\/1"}],"replies":[{"embeddable":true,"href":"https:\/\/www.roemerweg.at\/index.php?rest_route=%2Fwp%2Fv2%2Fcomments&post=1225"}],"version-history":[{"count":5,"href":"https:\/\/www.roemerweg.at\/index.php?rest_route=\/wp\/v2\/pages\/1225\/revisions"}],"predecessor-version":[{"id":1694,"href":"https:\/\/www.roemerweg.at\/index.php?rest_route=\/wp\/v2\/pages\/1225\/revisions\/1694"}],"up":[{"embeddable":true,"href":"https:\/\/www.roemerweg.at\/index.php?rest_route=\/wp\/v2\/pages\/52"}],"wp:attachment":[{"href":"https:\/\/www.roemerweg.at\/index.php?rest_route=%2Fwp%2Fv2%2Fmedia&parent=1225"}],"curies":[{"name":"wp","href":"https:\/\/api.w.org\/{rel}","templated":true}]}}