{"id":115,"date":"2016-04-05T14:58:37","date_gmt":"2016-04-05T12:58:37","guid":{"rendered":"http:\/\/roemerweg.at\/?page_id=115"},"modified":"2025-09-26T11:35:59","modified_gmt":"2025-09-26T09:35:59","slug":"roemischer-schuhabdruck","status":"publish","type":"page","link":"https:\/\/www.roemerweg.at\/?page_id=115","title":{"rendered":"R\u00f6mischer Schuhabdruck"},"content":{"rendered":"<p id=\"u3376-8\">Hier lief ein R\u00f6mer \u00fcber einen frischen Estrich und er rutschte sogar aus&#8230;&#8230; Au\u00dferdem wird Bezug genommen auf den \u00f6kologischen Fu\u00dfabdruck!<\/p>\n<p>\u00a0<\/p>\n\n\n<!-- Quadratisches Bild (300x300, links) -->\n  <div class=\"roemer-image\" style=\"flex:0 0 300px; width:300px; height:300px; border-radius:12px; overflow:hidden; box-shadow:0 2px 6px rgba(0,0,0,0.15);\">\n    <img decoding=\"async\" src=\" https:\/\/www.roemerweg.at\/wp-content\/uploads\/2016\/04\/141-crop-u5176.jpg\" alt=\" R\u00f6merzeit in Wels\" style=\"width:100%; height:100%; object-fit:cover; display:block;\">\n\n","protected":false},"excerpt":{"rendered":"<p>Hier lief ein R\u00f6mer \u00fcber einen frischen Estrich und er rutschte sogar aus&#8230;&#8230; Au\u00dferdem wird Bezug genommen auf den \u00f6kologischen Fu\u00dfabdruck! \u00a0<\/p>\n","protected":false},"author":1,"featured_media":0,"parent":52,"menu_order":19,"comment_status":"closed","ping_status":"closed","template":"","meta":{"footnotes":""},"class_list":["post-115","page","type-page","status-publish","hentry"],"_links":{"self":[{"href":"https:\/\/www.roemerweg.at\/index.php?rest_route=\/wp\/v2\/pages\/115","targetHints":{"allow":["GET"]}}],"collection":[{"href":"https:\/\/www.roemerweg.at\/index.php?rest_route=\/wp\/v2\/pages"}],"about":[{"href":"https:\/\/www.roemerweg.at\/index.php?rest_route=\/wp\/v2\/types\/page"}],"author":[{"embeddable":true,"href":"https:\/\/www.roemerweg.at\/index.php?rest_route=\/wp\/v2\/users\/1"}],"replies":[{"embeddable":true,"href":"https:\/\/www.roemerweg.at\/index.php?rest_route=%2Fwp%2Fv2%2Fcomments&post=115"}],"version-history":[{"count":7,"href":"https:\/\/www.roemerweg.at\/index.php?rest_route=\/wp\/v2\/pages\/115\/revisions"}],"predecessor-version":[{"id":1767,"href":"https:\/\/www.roemerweg.at\/index.php?rest_route=\/wp\/v2\/pages\/115\/revisions\/1767"}],"up":[{"embeddable":true,"href":"https:\/\/www.roemerweg.at\/index.php?rest_route=\/wp\/v2\/pages\/52"}],"wp:attachment":[{"href":"https:\/\/www.roemerweg.at\/index.php?rest_route=%2Fwp%2Fv2%2Fmedia&parent=115"}],"curies":[{"name":"wp","href":"https:\/\/api.w.org\/{rel}","templated":true}]}}